{"id":50788,"date":"2023-02-06T14:20:25","date_gmt":"2023-02-06T13:20:25","guid":{"rendered":"http:\/\/15.237.138.144\/tallerdetapas\/politica-de-cookies\/"},"modified":"2023-06-05T12:25:47","modified_gmt":"2023-06-05T10:25:47","slug":"politica-de-cookies","status":"publish","type":"page","link":"https:\/\/tallerdetapas.com\/ca\/politica-de-cookies\/","title":{"rendered":"Pol\u00edtica de cookies"},"content":{"rendered":"<p>[et_pb_section fb_built=&#8221;1&#8243; _builder_version=&#8221;4.19.5&#8243; _module_preset=&#8221;default&#8221; background_color=&#8221;#1F1F1F&#8221; global_colors_info=&#8221;{}&#8221;][et_pb_row _builder_version=&#8221;4.19.5&#8243; _module_preset=&#8221;default&#8221; global_colors_info=&#8221;{}&#8221;][et_pb_column type=&#8221;4_4&#8243; _builder_version=&#8221;4.19.5&#8243; _module_preset=&#8221;default&#8221; global_colors_info=&#8221;{}&#8221;][et_pb_text _builder_version=&#8221;4.19.5&#8243; _module_preset=&#8221;default&#8221; header_font=&#8221;||||||||&#8221; header_text_align=&#8221;center&#8221; header_text_color=&#8221;#FFFFFF&#8221; header_2_font=&#8221;|600|||||||&#8221; header_2_text_align=&#8221;center&#8221; header_2_text_color=&#8221;#FFFFFF&#8221; header_2_font_size=&#8221;50px&#8221; header_2_font_size_tablet=&#8221;30px&#8221; header_2_font_size_phone=&#8221;&#8221; header_2_font_size_last_edited=&#8221;on|phone&#8221; global_colors_info=&#8221;{}&#8221;]<\/p>\n<h1>pol\u00edtica de cookies<\/h1>\n<p>[\/et_pb_text][\/et_pb_column][\/et_pb_row][\/et_pb_section][et_pb_section fb_built=&#8221;1&#8243; admin_label=&#8221;Gallery&#8221; _builder_version=&#8221;4.19.5&#8243; background_color=&#8221;#FFFFFF&#8221; background_size=&#8221;initial&#8221; background_position=&#8221;top_left&#8221; custom_padding=&#8221;3rem||3rem||true|false&#8221; collapsed=&#8221;off&#8221; global_colors_info=&#8221;{}&#8221;][et_pb_row _builder_version=&#8221;4.19.5&#8243; _module_preset=&#8221;default&#8221; global_colors_info=&#8221;{}&#8221;][et_pb_column type=&#8221;4_4&#8243; _builder_version=&#8221;4.19.5&#8243; _module_preset=&#8221;default&#8221; global_colors_info=&#8221;{}&#8221;][et_pb_text _builder_version=&#8221;4.19.5&#8243; _module_preset=&#8221;default&#8221; global_colors_info=&#8221;{}&#8221;]<\/p>\n<p><strong>Qu\u00e8 s\u00f3n les galetes?<\/strong><\/p>\n<p>Les cookies s\u00f3n fitxers que s&#8217;emmagatzemen al disc dur o al navegador de l&#8217;ordinador, tauleta, tel\u00e8fon intel\u00b7ligent o dispositiu equivalent amb funcions de navegaci\u00f3 a trav\u00e9s d&#8217;Internet i permeten a una p\u00e0gina web, entre altres coses, emmagatzemar i recuperar informaci\u00f3 sobre els h\u00e0bits de navegaci\u00f3 d&#8217;un usuari o del vostre equip i, depenent de la informaci\u00f3 que continguin i de la manera que utilitzeu el vostre equip, es poden utilitzar per recon\u00e8ixer l&#8217;usuari.<\/p>\n<p><strong>Tipus de cookies que utilitza aquesta p\u00e0gina web<\/strong><\/p>\n<ul>\n<li>Galetes anal\u00edtiques: recullen informaci\u00f3 de l&#8217;\u00fas que es realitza del lloc web.<\/li>\n<li>Galetes socials: s\u00f3n aquelles necess\u00e0ries per a xarxes socials externes.<\/li>\n<li>Galetes d&#8217;afiliats: permeten fer un seguiment de les visites procedents d&#8217;altres webs, amb les quals el lloc web estableix un contracte d&#8217;afiliaci\u00f3 (empreses d&#8217;afiliaci\u00f3).<\/li>\n<li>Galetes de publicitat i comportamentals: recullen informaci\u00f3 sobre les prefer\u00e8ncies i eleccions personals de l&#8217;usuari (retargeting).<\/li>\n<li>Galetes t\u00e8cniques i funcionals: s\u00f3n les estrictament necess\u00e0ries per a l&#8217;\u00fas del lloc web i per a la prestaci\u00f3 del servei contractat.<\/li>\n<\/ul>\n<p>Aquest Lloc Web utilitza cookies pr\u00f2pies i de tercers per oferir-vos una millor experi\u00e8ncia i servei. En navegar o utilitzar els nostres serveis l&#8217;usuari accepta l&#8217;\u00fas que fem de les galetes.<\/p>\n<p>A continuaci\u00f3, adjuntem llista de les cookies principals que utilitza aquest Lloc Web:<\/p>\n<ul>\n<li>PHPSESSID: galeta t\u00e8cnica i estrictament necess\u00e0ria que cont\u00e9 l&#8217;identificador de la sessi\u00f3. S&#8217;elimina en tancar el navegador.<\/li>\n<li>_lang: galeta t\u00e8cnica i estrictament necess\u00e0ria que cont\u00e9 l&#8217;idioma de la sessi\u00f3. S&#8217;elimina en tancar el navegador.<\/li>\n<li>ac_cookies: galeta t\u00e8cnica i estrictament necess\u00e0ria que cont\u00e9 el valor de si s&#8217;ha acceptat la instal\u00b7laci\u00f3 de galetes. Caduca a 1 any des de l&#8217;\u00faltima actualitzaci\u00f3.<\/li>\n<li>_ga: galeta de Google Analytics que habilita la funci\u00f3 de control de visites \u00faniques. La primera vegada que un usuari entri al lloc web a trav\u00e9s d&#8217;un navegador s&#8217;instal\u00b7lar\u00e0 aquesta galeta. Quan aquest usuari torni a entrar a la web amb el mateix navegador, la galeta considerar\u00e0 que \u00e9s el mateix usuari. Nom\u00e9s en cas que l&#8217;usuari canvi\u00ef de navegador, es considerar\u00e0 un altre usuari. Caduca als 2 anys des de la darrera actualitzaci\u00f3. M\u00e9s informaci\u00f3 sobre el tractament realitzat per Google Analytics aqu\u00ed.<\/li>\n<li>_gat: Aquesta galeta s&#8217;associa amb Google Analytics. Sutilitza per limitar la velocitat de petici\u00f3 \u2013 la limitaci\u00f3 de la recollida de dades en els llocs dalt tr\u00e0nsit. Caduca als 10 minuts.<\/li>\n<li>_gid: Aquesta galeta s&#8217;associa amb Google Analytics. S&#8217;utilitza per distingir els usuaris. Caduca a les 24 hores.<\/li>\n<\/ul>\n<p><strong>Mecanisme de desactivaci\u00f3 de cookies<\/strong><\/p>\n<p>Podeu esborrar les galetes del vostre ordinador o tauleta a trav\u00e9s de la configuraci\u00f3 del navegador. Si suprimiu o rebutgeu aquestes galetes, \u00e9s possible que no pugueu utilitzar totes les funcions del lloc web.<\/p>\n<p>A continuaci\u00f3 s&#8217;exposen alguns enlla\u00e7os on podeu consultar o configurar les opcions de privadesa i cookies:<\/p>\n<ul>\n<li>Chrome: <a href=\"https:\/\/support.google.com\/chrome\/bin\/answer.py?hl=es&amp;answer=95647\" target=\"_blank\" rel=\"noopener\">http:\/\/support.google.com\/chrome\/bin\/answer.py?hl=ca&amp;answer=95647<\/a><\/li>\n<li>Firefox: <a href=\"https:\/\/support.mozilla.org\/es\/products\/firefox\/cookies\" target=\"_blank\" rel=\"noopener\">http:\/\/support.mozilla.org\/es\/products\/firefox\/cookies<\/a><\/li>\n<li>Internet Explorer: <a href=\"http:\/\/windows.microsoft.com\/es-es\/windows7\/how-to-manage-cookies-in-internet-explorer-9\" target=\"_blank\" rel=\"noopener\">http:\/\/windows.microsoft.com\/es-es\/windows7\/how-to-manage-cookies-in-internet-explorer-9<\/a><\/li>\n<li>Safari: <a href=\"https:\/\/support.apple.com\/kb\/ph5042\" target=\"_blank\" rel=\"noopener\">http:\/\/support.apple.com\/kb\/ph5042<\/a><\/li>\n<\/ul>\n<p>[\/et_pb_text][\/et_pb_column][\/et_pb_row][\/et_pb_section]<\/p>\n","protected":false},"excerpt":{"rendered":"<p>pol\u00edtica de cookiesQu\u00e8 s\u00f3n les galetes? Les cookies s\u00f3n fitxers que s&#8217;emmagatzemen al disc dur o al navegador de l&#8217;ordinador, tauleta, tel\u00e8fon intel\u00b7ligent o dispositiu equivalent amb funcions de navegaci\u00f3 a trav\u00e9s d&#8217;Internet i permeten a una p\u00e0gina web, entre altres coses, emmagatzemar i recuperar informaci\u00f3 sobre els h\u00e0bits de navegaci\u00f3 d&#8217;un usuari o del [&hellip;]<\/p>\n","protected":false},"author":11,"featured_media":0,"parent":0,"menu_order":0,"comment_status":"closed","ping_status":"closed","template":"","meta":{"_et_pb_use_builder":"on","_et_pb_old_content":"","_et_gb_content_width":"","inline_featured_image":false,"footnotes":""},"class_list":["post-50788","page","type-page","status-publish","hentry"],"_links":{"self":[{"href":"https:\/\/tallerdetapas.com\/ca\/wp-json\/wp\/v2\/pages\/50788","targetHints":{"allow":["GET"]}}],"collection":[{"href":"https:\/\/tallerdetapas.com\/ca\/wp-json\/wp\/v2\/pages"}],"about":[{"href":"https:\/\/tallerdetapas.com\/ca\/wp-json\/wp\/v2\/types\/page"}],"author":[{"embeddable":true,"href":"https:\/\/tallerdetapas.com\/ca\/wp-json\/wp\/v2\/users\/11"}],"replies":[{"embeddable":true,"href":"https:\/\/tallerdetapas.com\/ca\/wp-json\/wp\/v2\/comments?post=50788"}],"version-history":[{"count":3,"href":"https:\/\/tallerdetapas.com\/ca\/wp-json\/wp\/v2\/pages\/50788\/revisions"}],"predecessor-version":[{"id":52472,"href":"https:\/\/tallerdetapas.com\/ca\/wp-json\/wp\/v2\/pages\/50788\/revisions\/52472"}],"wp:attachment":[{"href":"https:\/\/tallerdetapas.com\/ca\/wp-json\/wp\/v2\/media?parent=50788"}],"curies":[{"name":"wp","href":"https:\/\/api.w.org\/{rel}","templated":true}]}}