{"id":50785,"date":"2023-02-06T14:22:15","date_gmt":"2023-02-06T13:22:15","guid":{"rendered":"http:\/\/15.237.138.144\/tallerdetapas\/politica-de-privadesa\/"},"modified":"2023-02-18T10:17:49","modified_gmt":"2023-02-18T09:17:49","slug":"politica-de-privadesa","status":"publish","type":"page","link":"https:\/\/tallerdetapas.com\/ca\/politica-de-privadesa\/","title":{"rendered":"Pol\u00edtica de privadesa"},"content":{"rendered":"<p>[et_pb_section fb_built=&#8221;1&#8243; _builder_version=&#8221;4.19.5&#8243; _module_preset=&#8221;default&#8221; background_color=&#8221;#1F1F1F&#8221; global_colors_info=&#8221;{}&#8221;][et_pb_row _builder_version=&#8221;4.19.5&#8243; _module_preset=&#8221;default&#8221; global_colors_info=&#8221;{}&#8221;][et_pb_column type=&#8221;4_4&#8243; _builder_version=&#8221;4.19.5&#8243; _module_preset=&#8221;default&#8221; global_colors_info=&#8221;{}&#8221;][et_pb_text _builder_version=&#8221;4.19.5&#8243; _module_preset=&#8221;default&#8221; header_font=&#8221;||||||||&#8221; header_text_align=&#8221;center&#8221; header_text_color=&#8221;#FFFFFF&#8221; header_2_font=&#8221;|600|||||||&#8221; header_2_text_align=&#8221;center&#8221; header_2_text_color=&#8221;#FFFFFF&#8221; header_2_font_size=&#8221;50px&#8221; hover_enabled=&#8221;0&#8243; header_2_font_size_tablet=&#8221;30px&#8221; header_2_font_size_phone=&#8221;&#8221; header_2_font_size_last_edited=&#8221;on|phone&#8221; global_colors_info=&#8221;{}&#8221; sticky_enabled=&#8221;0&#8243;]<\/p>\n<h1>pol\u00edtica de privadesa<\/h1>\n<p>[\/et_pb_text][\/et_pb_column][\/et_pb_row][\/et_pb_section][et_pb_section fb_built=&#8221;1&#8243; admin_label=&#8221;Gallery&#8221; _builder_version=&#8221;4.19.5&#8243; background_color=&#8221;#FFFFFF&#8221; background_size=&#8221;initial&#8221; background_position=&#8221;top_left&#8221; custom_padding=&#8221;3rem||3rem||true|false&#8221; collapsed=&#8221;off&#8221; global_colors_info=&#8221;{}&#8221;][et_pb_row _builder_version=&#8221;4.19.5&#8243; _module_preset=&#8221;default&#8221; global_colors_info=&#8221;{}&#8221;][et_pb_column type=&#8221;4_4&#8243; _builder_version=&#8221;4.19.5&#8243; _module_preset=&#8221;default&#8221; global_colors_info=&#8221;{}&#8221;][et_pb_text _builder_version=&#8221;4.19.5&#8243; _module_preset=&#8221;default&#8221; hover_enabled=&#8221;0&#8243; global_colors_info=&#8221;{}&#8221; sticky_enabled=&#8221;0&#8243;]<\/p>\n<p>Segons el que estableix el RGPD (Reglament (UE) 2016\/679), us proporcionem la Informaci\u00f3 Detallada de Protecci\u00f3 de Dades que s&#8217;exposa a continuaci\u00f3:<\/p>\n<p><strong>Responsable:<\/strong><br \/>Ra\u00f3 Social: Lombardo Grup Restauracion Sl<br \/>CIF: B63813612<br \/>Adre\u00e7a: Carrer Aragon 254, 5\u00e8 3a, 08007 BARCELONA, Barcelona<br \/>Tel\u00e8fon: 933349451<br \/>Correu Electr\u00f2nic:<span> <\/span><a href=\"mailto:info@tallerdetapas.com\">info@tallerdetapas.com<\/a><\/p>\n<p><strong>Finalitat:<\/strong><br \/>Us informem que les Dades de Car\u00e0cter Personal recollides, seran incorporades a un Fitxer sota la nostra responsabilitat, amb la finalitat de gestionar l&#8217;enviament de la informaci\u00f3 que ens sol\u00b7licitin i facilitar als interessats ofertes de productes i serveis del vostre inter\u00e8s. Les dades proporcionades es conservaran mentre es mantingui la relaci\u00f3 comercial, durant els anys necessaris per complir les obligacions legals o se&#8217;n sol\u00b7liciti la supressi\u00f3 per l&#8217;interessat.<\/p>\n<p><strong>Legitimaci\u00f3:<\/strong><br \/>Les Dades de Car\u00e0cter Personal obtingudes en aquesta P\u00e0gina Web, aix\u00ed com l&#8217;oferta de productes i serveis oferts, est\u00e0 basada en el consentiment que se sol\u00b7licita a l&#8217;interessat.<\/p>\n<p>L&#8217;interessat t\u00e9 dret a retirar el consentiment en qualsevol moment. La retirada del consentiment no afecta la licitud del tractament basada en el consentiment previ a la seva retirada.<\/p>\n<p><strong>Destinataris:<\/strong><br \/> No se cediran dades a tercers, excepte obligaci\u00f3 legal.<\/p>\n<p><strong>Drets:<\/strong><br \/>Vost\u00e8 com a interessat directe, t\u00e9 dret a obtenir confirmaci\u00f3 sobre si a Lombardo Grupo Restauracion Sl estem tractant dades personals que li concerneixen, o no. Vost\u00e8 t\u00e9 dret a accedir a les seves dades personals, aix\u00ed com a sol\u00b7licitar la rectificaci\u00f3 de les dades inexactes o, si escau, sol\u00b7licitar-ne la supressi\u00f3 quan, entre altres motius, les dades ja no siguin necess\u00e0ries per als fins que van ser recollides.<\/p>\n<p>En determinades circumst\u00e0ncies, vost\u00e8 podr\u00e0 sol\u00b7licitar la limitaci\u00f3 del tractament de les seves dades, cas en qu\u00e8 \u00fanicament les conservarem per a l&#8217;exercici o la defensa de reclamacions.<br \/>En determinades circumst\u00e0ncies i per motius relacionats amb la vostra situaci\u00f3 particular, podreu oposar-vos al tractament de les vostres dades. Lombardo Grupo Restauracion Sl deixar\u00e0 de tractar les dades, excepte per motius leg\u00edtims imperiosos, o l&#8217;exercici o la defensa de possibles reclamacions.<\/p>\n<p>En determinades circumst\u00e0ncies, vost\u00e8 tindr\u00e0 dret a rebre les dades personals que li incumbeixin i que ens hagi facilitat, i transmetre&#8217;ls o sol\u00b7licitar que els proporcionem a un tercer sense objecci\u00f3 per part nostra (dret a la portabilitat de dades).<br \/>En determinades circumst\u00e0ncies, us informem que tindreu dret a no ser objecte d&#8217;una decisi\u00f3 basada \u00fanicament en el tractament automatitzat, inclosa l&#8217;elaboraci\u00f3 de perfils, que produeixi efectes jur\u00eddics sobre vost\u00e8 o us afecti significativament de manera similar.<\/p>\n<p>[\/et_pb_text][\/et_pb_column][\/et_pb_row][\/et_pb_section]<\/p>\n","protected":false},"excerpt":{"rendered":"<p>pol\u00edtica de privadesaSegons el que estableix el RGPD (Reglament (UE) 2016\/679), us proporcionem la Informaci\u00f3 Detallada de Protecci\u00f3 de Dades que s&#8217;exposa a continuaci\u00f3: Responsable:Ra\u00f3 Social: Lombardo Grup Restauracion SlCIF: B63813612Adre\u00e7a: Carrer Aragon 254, 5\u00e8 3a, 08007 BARCELONA, BarcelonaTel\u00e8fon: 933349451Correu Electr\u00f2nic: info@tallerdetapas.com Finalitat:Us informem que les Dades de Car\u00e0cter Personal recollides, seran incorporades a un [&hellip;]<\/p>\n","protected":false},"author":11,"featured_media":0,"parent":0,"menu_order":0,"comment_status":"closed","ping_status":"closed","template":"","meta":{"_et_pb_use_builder":"on","_et_pb_old_content":"","_et_gb_content_width":"","inline_featured_image":false,"footnotes":""},"class_list":["post-50785","page","type-page","status-publish","hentry"],"_links":{"self":[{"href":"https:\/\/tallerdetapas.com\/ca\/wp-json\/wp\/v2\/pages\/50785","targetHints":{"allow":["GET"]}}],"collection":[{"href":"https:\/\/tallerdetapas.com\/ca\/wp-json\/wp\/v2\/pages"}],"about":[{"href":"https:\/\/tallerdetapas.com\/ca\/wp-json\/wp\/v2\/types\/page"}],"author":[{"embeddable":true,"href":"https:\/\/tallerdetapas.com\/ca\/wp-json\/wp\/v2\/users\/11"}],"replies":[{"embeddable":true,"href":"https:\/\/tallerdetapas.com\/ca\/wp-json\/wp\/v2\/comments?post=50785"}],"version-history":[{"count":0,"href":"https:\/\/tallerdetapas.com\/ca\/wp-json\/wp\/v2\/pages\/50785\/revisions"}],"wp:attachment":[{"href":"https:\/\/tallerdetapas.com\/ca\/wp-json\/wp\/v2\/media?parent=50785"}],"curies":[{"name":"wp","href":"https:\/\/api.w.org\/{rel}","templated":true}]}}