{"id":50782,"date":"2023-02-06T14:11:51","date_gmt":"2023-02-06T13:11:51","guid":{"rendered":"http:\/\/15.237.138.144\/tallerdetapas\/avis-legal\/"},"modified":"2023-02-18T10:17:49","modified_gmt":"2023-02-18T09:17:49","slug":"avis-legal","status":"publish","type":"page","link":"https:\/\/tallerdetapas.com\/ca\/avis-legal\/","title":{"rendered":"Av\u00eds legal"},"content":{"rendered":"<p>[et_pb_section fb_built=&#8221;1&#8243; theme_builder_area=&#8221;post_content&#8221; _builder_version=&#8221;4.19.5&#8243; _module_preset=&#8221;default&#8221; background_color=&#8221;#1F1F1F&#8221; hover_enabled=&#8221;0&#8243; sticky_enabled=&#8221;0&#8243;][et_pb_row _builder_version=&#8221;4.19.5&#8243; _module_preset=&#8221;default&#8221; theme_builder_area=&#8221;post_content&#8221;][et_pb_column _builder_version=&#8221;4.19.5&#8243; _module_preset=&#8221;default&#8221; type=&#8221;4_4&#8243; theme_builder_area=&#8221;post_content&#8221;][et_pb_text _builder_version=&#8221;4.19.5&#8243; _module_preset=&#8221;default&#8221; header_font=&#8221;||||||||&#8221; header_text_align=&#8221;center&#8221; header_text_color=&#8221;#FFFFFF&#8221; header_2_font=&#8221;|600|||||||&#8221; header_2_text_align=&#8221;center&#8221; header_2_text_color=&#8221;#FFFFFF&#8221; header_2_font_size=&#8221;50px&#8221; hover_enabled=&#8221;0&#8243; header_2_font_size_tablet=&#8221;30px&#8221; header_2_font_size_phone=&#8221;&#8221; header_2_font_size_last_edited=&#8221;on|phone&#8221; global_colors_info=&#8221;{}&#8221; sticky_enabled=&#8221;0&#8243; theme_builder_area=&#8221;post_content&#8221;]<\/p>\n<h1>av\u00eds legal<\/h1>\n<p>[\/et_pb_text][\/et_pb_column][\/et_pb_row][\/et_pb_section][et_pb_section fb_built=&#8221;1&#8243; admin_label=&#8221;Gallery&#8221; _builder_version=&#8221;4.19.5&#8243; background_color=&#8221;#FFFFFF&#8221; background_size=&#8221;initial&#8221; background_position=&#8221;top_left&#8221; custom_padding=&#8221;3rem||3rem||true|false&#8221; hover_enabled=&#8221;0&#8243; collapsed=&#8221;off&#8221; global_colors_info=&#8221;{}&#8221; sticky_enabled=&#8221;0&#8243;][et_pb_row _builder_version=&#8221;4.19.5&#8243; _module_preset=&#8221;default&#8221;][et_pb_column _builder_version=&#8221;4.19.5&#8243; _module_preset=&#8221;default&#8221; type=&#8221;4_4&#8243;][et_pb_text _builder_version=&#8221;4.19.5&#8243; _module_preset=&#8221;default&#8221; hover_enabled=&#8221;0&#8243; sticky_enabled=&#8221;0&#8243;]<\/p>\n<p><strong>\u00das de la p\u00e0gina web:<\/strong><\/p>\n<p>En compliment de la Llei 34\/2002, d&#8217;11 de juliol, de serveis de la societat de la informaci\u00f3 i de comer\u00e7 electr\u00f2nic, LOMBARDO GRUPO RESTAURACI\u00d3N, SL us informa que \u00e9s titular de la p\u00e0gina web<span> <\/span><a href=\"https:\/\/tallerdetapas.com\/ca\/\" target=\"_blank\" rel=\"noopener\">www.tallerdetapas.com<\/a> . D&#8217;acord amb l&#8217;exig\u00e8ncia de l&#8217;article 10 de la citada Llei, LOMBARDO GRUPO RESTAURACI\u00d3N, SL informa de les dades seg\u00fcents: El titular d&#8217;aquesta p\u00e0gina web \u00e9s LOMBARDO GRUPO RESTAURACI\u00d3N, SL, amb CIF: B63813612 i domicili social al carrer Arag\u00f3, n\u00fam. 254 , 5\u00e8-3a, 08007, de Barcelona, inscrita al Registre Mercantil de Barcelona, Tom 37498, Foli 301199, Full\/DUP 301199, Inscripci\u00f3 1a. L&#8217;adre\u00e7a de correu electr\u00f2nic de contacte amb l&#8217;empresa \u00e9s<span> <\/span><a href=\"mailto:info@tallerdetapas.com\">info@tallerdetapas.com<\/a><\/p>\n<p><strong>Usuari i responsabilitats<\/strong><\/p>\n<p>La navegaci\u00f3, acc\u00e9s i \u00fas per la p\u00e0gina web de LOMBARDO GRUPO RESTAURACI\u00d3N, SL. confereix la condici\u00f3 d&#8217;usuari, per la qual s&#8217;accepten, des de la navegaci\u00f3 per la p\u00e0gina web de LOMBARDO GRUPO RESTAURACI\u00d3N, SL, totes les condicions d&#8217;\u00fas establertes aqu\u00ed sense perjudici de l&#8217;aplicaci\u00f3 de la corresponent normativa d&#8217;obligat compliment legal segons el cas. La p\u00e0gina web de LOMBARDO GRUPO RESTAURACI\u00d3N, SL proporciona una gran diversitat d&#8217;informaci\u00f3, serveis i dades. L&#8217;usuari assumeix la responsabilitat en l&#8217;\u00fas correcte de la p\u00e0gina web. Aquesta responsabilitat s&#8217;estendr\u00e0 a:<\/p>\n<ul>\n<li>La veracitat i licitud de les informacions aportades per l&#8217;usuari als formularis estesos per LOMBARDO GRUPO RESTAURACI\u00d3N, SL per a l&#8217;acc\u00e9s a certs continguts o serveis oferts per la web.<\/li>\n<li>L&#8217;\u00fas de la informaci\u00f3, serveis i dades ofertes per LOMBARDO GRUPO RESTAURACI\u00d3N, SL contr\u00e0riament al que disposen aquestes condicions, la Llei, la moral, els bons costums o l&#8217;ordre p\u00fablic, o que de qualsevol altra manera puguin suposar lesi\u00f3 dels drets a tercers o del mateix funcionament de la p\u00e0gina web.<\/li>\n<\/ul>\n<p><strong>Pol\u00edtica d&#8217;enlla\u00e7os i exempcions de responsabilitat<\/strong><\/p>\n<p>LOMBARDO GRUPO RESTAURACI\u00d3N, SL no es fa responsable del contingut de les p\u00e0gines web a qu\u00e8 l&#8217;usuari pugui accedir a trav\u00e9s dels enlla\u00e7os establerts al seu website i declara que en cap cas procedir\u00e0 a examinar o exercitar cap tipus de control sobre el contingut de altres p\u00e0gines de la xarxa.<\/p>\n<p>La funci\u00f3 dels enlla\u00e7os que apareixen en aquesta p\u00e0gina web nom\u00e9s t\u00e9 finalitat informativa i en cap cas suposen un suggeriment, invitaci\u00f3 o recomanaci\u00f3 per a la visita dels llocs de destinaci\u00f3.<\/p>\n<p>Aix\u00ed mateix, tampoc garantir\u00e0 la disponibilitat t\u00e8cnica, exactitud, veracitat, validesa o legalitat de p\u00e0gines alienes a la seva propietat a qu\u00e8 es pugui accedir per mitj\u00e0 dels enlla\u00e7os.<\/p>\n<p>LOMBARDO GRUPO RESTAURACI\u00d3N, SL declara haver aportat totes les mesures necess\u00e0ries per evitar qualsevol dany que, als usuaris del seu lloc web, poguessin derivar-se de la navegaci\u00f3 per la seva p\u00e0gina web. En conseq\u00fc\u00e8ncia, LOMBARDO GRUPO RESTAURACI\u00d3N, SL no es fa responsable, en cap cas, dels danys eventuals que per la navegaci\u00f3 per Internet pogu\u00e9s patir l&#8217;usuari.<\/p>\n<p><strong>Modificacions<\/strong><\/p>\n<p>LOMBARDO GRUPO RESTAURACI\u00d3N, SL es reserva el dret a realitzar les modificacions que consideri oportunes, sense av\u00eds previ, en el contingut del seu lloc web. Tant pel que fa als continguts de la p\u00e0gina web, com a les condicions d&#8217;\u00fas de la p\u00e0gina web oa les condicions generals de contractaci\u00f3. Aquestes modificacions podran realitzar-se, a trav\u00e9s de la seva p\u00e0gina web, de qualsevol forma admissible en dret i seran de compliment obligat durant el temps en qu\u00e8 es trobin publicades a la web i fins que no siguin modificades v\u00e0lidament per altres posteriors.<\/p>\n<p><strong>Reserva de galetes<\/strong><\/p>\n<p>LOMBARDO GRUPO RESTAURACI\u00d3N, SL despr\u00e9s del consentiment previ de l&#8217;usuari, utilitzar\u00e0 dispositius d&#8217;emmagatzematge i recuperaci\u00f3 de dades (cookies) en la seva navegaci\u00f3 per la seva p\u00e0gina web, per facilitar la personalitzaci\u00f3 i comoditat de la navegaci\u00f3. Seguint la pol\u00edtica de protecci\u00f3 de dades de l&#8217;empresa, LOMBARDO GRUPO RESTAURACI\u00d3N, SL informa que les cookies s&#8217;associen a l&#8217;usuari an\u00f2nim i al vostre ordinador, i no proporcionen per si el nom i cognoms de l&#8217;usuari. L&#8217;apartat Pol\u00edtica de Cookies permet a l&#8217;usuari con\u00e8ixer tots els termes i condicions relatius a l&#8217;\u00fas dels dispositius d&#8217;emmagatzematge i recuperaci\u00f3 de dades esmentats.<\/p>\n<p><strong>Propietat Intel\u00b7lectual<\/strong><\/p>\n<p>Tret que s&#8217;indiqui expressament el contrari, els continguts d&#8217;aquest portal, incloent-hi, a t\u00edtol enunciatiu, textos, imatges, sons, animacions, gr\u00e0fics, botons, programes d&#8217;ordinador o bases de dades, aix\u00ed com el seu disseny, estructura de navegaci\u00f3 i programaci\u00f3, s\u00f3n titularitat de LOMBARDO GRUPO RESTAURACI\u00d3N, SL<br \/>Els drets de propietat intel\u00b7lectual dels col\u00b7laboradors de LOMBARDO GRUPO RESTAURACI\u00d3N, SL que publiquin els seus treballs en aquest lloc web correspondran als seus autors. L&#8217;enviament de dites col\u00b7laboracions a LOMBARDO GRUPO RESTAURACI\u00d3N, SL suposar\u00e0 una cessi\u00f3 gratu\u00efta dels seus drets per a la publicaci\u00f3 de les mateixes a trav\u00e9s dels nostres llocs web.<\/p>\n<p>Els drets de propietat intel\u00b7lectual i industrial derivats de tots els textos, imatges, aix\u00ed com dels mitjans i formes de presentaci\u00f3 i muntatge, disseny gr\u00e0fic i codis de les seves p\u00e0gines pertanyen, per si o com a cession\u00e0ria, a LOMBARDO GRUPO RESTAURACI\u00d3N, SL Ser\u00e1n, per tant, obres protegides com a propietat intel\u00b7lectual per l&#8217;ordenament jur\u00eddic espanyol, corresponent a aquesta empresa l&#8217;exercici exclusiu dels drets d&#8217;explotaci\u00f3 dels mateixos en qualsevol forma i, en especial, els drets de reproducci\u00f3 distribuci\u00f3, comunicaci\u00f3 p\u00fablica i transformaci\u00f3, sent aplicables tant la normativa espanyola i comunit\u00e0ria en aquest camp, com els tractats internacionals relatius a la mat\u00e8ria i subscrits per Espanya.<\/p>\n<p>Tots els drets reservats. En compliment de la Llei de la Propietat Intel\u00b7lectual es prohibeix expressament la reproducci\u00f3, distribuci\u00f3, comunicaci\u00f3 p\u00fablica i utilitzaci\u00f3, de la totalitat o part dels continguts de la seva p\u00e0gina web sense el consentiment expr\u00e9s de LOMBARDO GRUPO RESTAURACI\u00d3N, SL<\/p>\n<p><strong>Accions Legals, Legislaci\u00f3 Aplicable i Jurisdicci\u00f3<\/strong><\/p>\n<p>LOMBARDO GRUPO RESTAURACI\u00d3N, SL es reserva aix\u00ed mateix la facultat de presentar les accions administratives o judicials que consideri oportunes per la utilitzaci\u00f3 indeguda de la seva p\u00e0gina web i continguts o per l&#8217;incompliment de les presents condicions.<br \/>Per a la resoluci\u00f3 de totes les controv\u00e8rsies o q\u00fcestions relacionades amb el present lloc web o de les activitats que s&#8217;hi desenvolupin, ser\u00e0 aplicable la legislaci\u00f3 espanyola, a la qual se sotmeten expressament les parts, sent competents per a la resoluci\u00f3 de tots els conflictes derivats o relacionats amb el seu \u00fas els jutjats i els tribunals de la ciutat de Barcelona.<\/p>\n<p>[\/et_pb_text][\/et_pb_column][\/et_pb_row][\/et_pb_section]<\/p>\n","protected":false},"excerpt":{"rendered":"<p>av\u00eds legal\u00das de la p\u00e0gina web: En compliment de la Llei 34\/2002, d&#8217;11 de juliol, de serveis de la societat de la informaci\u00f3 i de comer\u00e7 electr\u00f2nic, LOMBARDO GRUPO RESTAURACI\u00d3N, SL us informa que \u00e9s titular de la p\u00e0gina web www.tallerdetapas.com . D&#8217;acord amb l&#8217;exig\u00e8ncia de l&#8217;article 10 de la citada Llei, LOMBARDO GRUPO RESTAURACI\u00d3N, [&hellip;]<\/p>\n","protected":false},"author":11,"featured_media":0,"parent":0,"menu_order":0,"comment_status":"closed","ping_status":"closed","template":"","meta":{"_et_pb_use_builder":"on","_et_pb_old_content":"","_et_gb_content_width":"","inline_featured_image":false,"footnotes":""},"class_list":["post-50782","page","type-page","status-publish","hentry"],"_links":{"self":[{"href":"https:\/\/tallerdetapas.com\/ca\/wp-json\/wp\/v2\/pages\/50782","targetHints":{"allow":["GET"]}}],"collection":[{"href":"https:\/\/tallerdetapas.com\/ca\/wp-json\/wp\/v2\/pages"}],"about":[{"href":"https:\/\/tallerdetapas.com\/ca\/wp-json\/wp\/v2\/types\/page"}],"author":[{"embeddable":true,"href":"https:\/\/tallerdetapas.com\/ca\/wp-json\/wp\/v2\/users\/11"}],"replies":[{"embeddable":true,"href":"https:\/\/tallerdetapas.com\/ca\/wp-json\/wp\/v2\/comments?post=50782"}],"version-history":[{"count":0,"href":"https:\/\/tallerdetapas.com\/ca\/wp-json\/wp\/v2\/pages\/50782\/revisions"}],"wp:attachment":[{"href":"https:\/\/tallerdetapas.com\/ca\/wp-json\/wp\/v2\/media?parent=50782"}],"curies":[{"name":"wp","href":"https:\/\/api.w.org\/{rel}","templated":true}]}}