{"id":50718,"date":"2022-12-29T19:25:16","date_gmt":"2022-12-29T18:25:16","guid":{"rendered":"http:\/\/15.237.138.144\/tallerdetapas\/nosaltres\/"},"modified":"2023-07-13T16:38:55","modified_gmt":"2023-07-13T14:38:55","slug":"nosaltres","status":"publish","type":"page","link":"https:\/\/tallerdetapas.com\/ca\/nosaltres\/","title":{"rendered":"Nosaltres"},"content":{"rendered":"<p>[et_pb_section fb_built=&#8221;1&#8243; custom_padding_last_edited=&#8221;on|desktop&#8221; _builder_version=&#8221;4.20.4&#8243; _module_preset=&#8221;default&#8221; background_color=&#8221;rgba(0,0,0,0.55)&#8221; background_image=&#8221;https:\/\/tallerdetapas.com\/wp-content\/uploads\/Header-Nosotros.webp&#8221; background_blend=&#8221;darken&#8221; height=&#8221;90vh&#8221; height_tablet=&#8221;30.5rem&#8221; height_phone=&#8221;80vh&#8221; height_last_edited=&#8221;on|desktop&#8221; custom_padding=&#8221;15.5%||15.5%||true|false&#8221; custom_padding_tablet=&#8221;13%||13%||true|false&#8221; custom_padding_phone=&#8221;33%||33%||true|false&#8221; border_width_top=&#8221;2px&#8221; border_color_top=&#8221;#A7823C&#8221; global_colors_info=&#8221;{}&#8221;][et_pb_row make_equal=&#8221;on&#8221; _builder_version=&#8221;4.20.0&#8243; _module_preset=&#8221;default&#8221; max_width=&#8221;80%&#8221; module_alignment=&#8221;center&#8221; global_colors_info=&#8221;{}&#8221;][et_pb_column type=&#8221;4_4&#8243; _builder_version=&#8221;4.20.0&#8243; _module_preset=&#8221;default&#8221; global_colors_info=&#8221;{}&#8221;][et_pb_text _builder_version=&#8221;4.20.0&#8243; _module_preset=&#8221;default&#8221; header_font=&#8221;||||||||&#8221; header_text_align=&#8221;center&#8221; header_text_color=&#8221;#FFFFFF&#8221; header_2_font=&#8221;|600|||||||&#8221; header_2_text_align=&#8221;center&#8221; header_2_text_color=&#8221;#FFFFFF&#8221; header_2_font_size=&#8221;50px&#8221; header_2_line_height=&#8221;1.7em&#8221; max_width_tablet=&#8221;&#8221; max_width_phone=&#8221;&#8221; max_width_last_edited=&#8221;on|phone&#8221; header_2_font_size_tablet=&#8221;30px&#8221; header_2_font_size_phone=&#8221;20px&#8221; header_2_font_size_last_edited=&#8221;on|phone&#8221; header_2_line_height_tablet=&#8221;1.7em&#8221; header_2_line_height_phone=&#8221;1.7em&#8221; header_2_line_height_last_edited=&#8221;on|desktop&#8221; global_colors_info=&#8221;{}&#8221;]<\/p>\n<h1>15 ANYS OFERINT TAPES ARTESANES I PRODUCTES DE PRIMERA L\u00cdNIA<\/h1>\n<p>[\/et_pb_text][\/et_pb_column][\/et_pb_row][\/et_pb_section][et_pb_section fb_built=&#8221;1&#8243; _builder_version=&#8221;4.20.0&#8243; _module_preset=&#8221;default&#8221; custom_padding=&#8221;0px||0px||false|false&#8221; animation_style=&#8221;slide&#8221; animation_direction=&#8221;left&#8221; global_colors_info=&#8221;{}&#8221;][et_pb_row column_structure=&#8221;1_2,1_2&#8243; use_custom_gutter=&#8221;on&#8221; gutter_width=&#8221;1&#8243; make_equal=&#8221;on&#8221; disabled_on=&#8221;on|on|off&#8221; _builder_version=&#8221;4.20.2&#8243; _module_preset=&#8221;default&#8221; width=&#8221;100%&#8221; max_width=&#8221;1920px&#8221; custom_padding=&#8221;0px||0px||true|false&#8221; global_colors_info=&#8221;{}&#8221;][et_pb_column type=&#8221;1_2&#8243; admin_label=&#8221;Columna&#8221; _builder_version=&#8221;4.20.2&#8243; _module_preset=&#8221;default&#8221; background_color=&#8221;RGBA(255,255,255,0)&#8221; custom_padding=&#8221;11%|8%|11%|8%|true|true&#8221; global_colors_info=&#8221;{}&#8221;][et_pb_text _builder_version=&#8221;4.20.2&#8243; _module_preset=&#8221;default&#8221; text_font_size=&#8221;1.2rem&#8221; custom_margin_tablet=&#8221;&#8221; custom_margin_phone=&#8221;-1rem||||false|false&#8221; custom_margin_last_edited=&#8221;on|phone&#8221; global_colors_info=&#8221;{}&#8221;]<\/p>\n<p>Detr\u00e1s de Taller de Tapas est\u00e1n Kate Preston y Jos\u00e9 Lombardero. Abrieron su primer restaurante de tapas en 2003. Un sue\u00f1o hecho realidad. Fue en el Barrio G\u00f3tico de Barcelona fruto de la pasi\u00f3n de ambos por la gastronom\u00eda y por la necesidad de trasmitir todos los sabores nuevos adquiridos en todos los viajes realizados alrededor de Espa\u00f1a.<br \/>\u00a1Y es que adem\u00e1s de \u201cfoodies\u201d intr\u00e9pidos siempre han sido muy viajeros!<\/p>\n<p>[\/et_pb_text][\/et_pb_column][et_pb_column type=&#8221;1_2&#8243; _builder_version=&#8221;4.20.2&#8243; _module_preset=&#8221;default&#8221; background_enable_image=&#8221;off&#8221; background_position=&#8221;top_center&#8221; global_colors_info=&#8221;{}&#8221;][et_pb_image src=&#8221;https:\/\/tallerdetapas.com\/wp-content\/uploads\/Nosotros-Taller-de-Tapas-3.jpg&#8221; alt=&#8221;Jos\u00e9 y Kate&#8221; title_text=&#8221;Nosotros &#8211; Taller de Tapas (3)&#8221; force_fullwidth=&#8221;on&#8221; _builder_version=&#8221;4.21.0&#8243; _module_preset=&#8221;default&#8221; min_height=&#8221;100%&#8221; height=&#8221;100%&#8221; max_height=&#8221;100%&#8221; hover_enabled=&#8221;0&#8243; global_colors_info=&#8221;{}&#8221; sticky_enabled=&#8221;0&#8243;][\/et_pb_image][\/et_pb_column][\/et_pb_row][et_pb_row column_structure=&#8221;1_2,1_2&#8243; use_custom_gutter=&#8221;on&#8221; gutter_width=&#8221;1&#8243; make_equal=&#8221;on&#8221; disabled_on=&#8221;off|off|on&#8221; _builder_version=&#8221;4.20.2&#8243; _module_preset=&#8221;default&#8221; width=&#8221;100%&#8221; max_width=&#8221;1920px&#8221; custom_padding=&#8221;0px||0px||true|false&#8221; global_colors_info=&#8221;{}&#8221;][et_pb_column type=&#8221;1_2&#8243; _builder_version=&#8221;4.20.2&#8243; _module_preset=&#8221;default&#8221; background_enable_image=&#8221;off&#8221; background_position=&#8221;top_center&#8221; global_colors_info=&#8221;{}&#8221;][et_pb_image src=&#8221;https:\/\/tallerdetapas.com\/wp-content\/uploads\/Nosotros-Taller-de-Tapas-3.jpg&#8221; alt=&#8221;Jos\u00e9 y Kate&#8221; title_text=&#8221;Nosotros &#8211; Taller de Tapas (3)&#8221; force_fullwidth=&#8221;on&#8221; _builder_version=&#8221;4.21.0&#8243; _module_preset=&#8221;default&#8221; min_height=&#8221;100%&#8221; height=&#8221;100%&#8221; max_height=&#8221;100%&#8221; hover_enabled=&#8221;0&#8243; global_colors_info=&#8221;{}&#8221; sticky_enabled=&#8221;0&#8243;][\/et_pb_image][\/et_pb_column][et_pb_column type=&#8221;1_2&#8243; admin_label=&#8221;Columna&#8221; _builder_version=&#8221;4.20.2&#8243; _module_preset=&#8221;default&#8221; background_color=&#8221;RGBA(255,255,255,0)&#8221; custom_padding=&#8221;11%|8%|11%|8%|true|true&#8221; global_colors_info=&#8221;{}&#8221;][et_pb_text _builder_version=&#8221;4.20.2&#8243; _module_preset=&#8221;default&#8221; text_font_size=&#8221;1.2rem&#8221; text_font_size_tablet=&#8221;1.2rem&#8221; text_font_size_phone=&#8221;1rem&#8221; text_font_size_last_edited=&#8221;on|phone&#8221; global_colors_info=&#8221;{}&#8221;]<\/p>\n<p>Detr\u00e1s de Taller de Tapas est\u00e1n Kate Preston y Jos\u00e9 Lombardero. Abrieron su primer restaurante de tapas en 2003. Un sue\u00f1o hecho realidad. Fue en el Barrio G\u00f3tico de Barcelona fruto de la pasi\u00f3n de ambos por la gastronom\u00eda y por la necesidad de trasmitir todos los sabores nuevos adquiridos en todos los viajes realizados alrededor de Espa\u00f1a.<br \/>\u00a1Y es que adem\u00e1s de \u201cfoodies\u201d intr\u00e9pidos siempre han sido muy viajeros!<\/p>\n<p>[\/et_pb_text][\/et_pb_column][\/et_pb_row][\/et_pb_section][et_pb_section fb_built=&#8221;1&#8243; _builder_version=&#8221;4.20.0&#8243; _module_preset=&#8221;default&#8221; custom_padding=&#8221;0px||0px||false|false&#8221; animation_style=&#8221;slide&#8221; animation_direction=&#8221;left&#8221; global_colors_info=&#8221;{}&#8221;][et_pb_row column_structure=&#8221;1_2,1_2&#8243; use_custom_gutter=&#8221;on&#8221; gutter_width=&#8221;1&#8243; make_equal=&#8221;on&#8221; disabled_on=&#8221;off|off|off&#8221; _builder_version=&#8221;4.20.2&#8243; _module_preset=&#8221;default&#8221; width=&#8221;100%&#8221; max_width=&#8221;1920px&#8221; custom_padding=&#8221;0px||0px||true|false&#8221; global_colors_info=&#8221;{}&#8221;][et_pb_column type=&#8221;1_2&#8243; _builder_version=&#8221;4.20.2&#8243; _module_preset=&#8221;default&#8221; background_enable_image=&#8221;off&#8221; background_position=&#8221;top_center&#8221; global_colors_info=&#8221;{}&#8221;][et_pb_image src=&#8221;https:\/\/tallerdetapas.com\/wp-content\/uploads\/Nosotros-Taller-de-Tapas-2.jpg&#8221; alt=&#8221;Pulpo Taller de Tapas&#8221; title_text=&#8221;Nosotros &#8211; Taller de Tapas (2)&#8221; force_fullwidth=&#8221;on&#8221; _builder_version=&#8221;4.21.0&#8243; _module_preset=&#8221;default&#8221; min_height=&#8221;100%&#8221; min_height_tablet=&#8221;100%&#8221; min_height_phone=&#8221;100%&#8221; min_height_last_edited=&#8221;on|phone&#8221; height=&#8221;627px&#8221; height_tablet=&#8221;627px&#8221; height_phone=&#8221;280px&#8221; height_last_edited=&#8221;on|desktop&#8221; max_height=&#8221;100%&#8221; hover_enabled=&#8221;0&#8243; global_colors_info=&#8221;{}&#8221; sticky_enabled=&#8221;0&#8243;][\/et_pb_image][\/et_pb_column][et_pb_column type=&#8221;1_2&#8243; admin_label=&#8221;Columna&#8221; _builder_version=&#8221;4.20.2&#8243; _module_preset=&#8221;default&#8221; background_color=&#8221;RGBA(255,255,255,0)&#8221; custom_padding=&#8221;12%|8%|12%|8%|true|true&#8221; global_colors_info=&#8221;{}&#8221;][et_pb_text _builder_version=&#8221;4.20.2&#8243; _module_preset=&#8221;default&#8221; text_font_size=&#8221;1.2rem&#8221; text_font_size_tablet=&#8221;1.2rem&#8221; text_font_size_phone=&#8221;1rem&#8221; text_font_size_last_edited=&#8221;on|phone&#8221; global_colors_info=&#8221;{}&#8221;]<\/p>\n<p>Jos\u00e9 Lombardero es va criar a Gal\u00edcia on els fruits de la terra i del mar formen una part integral a la vida quotidiana. Va venir a Barcelona per estudiar i es va quedar. Va obrir el seu primer restaurant al Paral\u00b7lel, en va seguir un altre a l&#8217;Hospitalet i fins i tot a Mojacar! Quan va con\u00e8ixer Kate ja era un restaurador veter\u00e0, i junts van embarcar en el viatge gastron\u00f2mic.<\/p>\n<p>[\/et_pb_text][\/et_pb_column][\/et_pb_row][\/et_pb_section][et_pb_section fb_built=&#8221;1&#8243; _builder_version=&#8221;4.20.0&#8243; _module_preset=&#8221;default&#8221; custom_padding=&#8221;0px||0px||false|false&#8221; animation_style=&#8221;slide&#8221; animation_direction=&#8221;left&#8221; global_colors_info=&#8221;{}&#8221;][et_pb_row column_structure=&#8221;1_2,1_2&#8243; use_custom_gutter=&#8221;on&#8221; gutter_width=&#8221;1&#8243; make_equal=&#8221;on&#8221; disabled_on=&#8221;on|on|off&#8221; _builder_version=&#8221;4.20.2&#8243; _module_preset=&#8221;default&#8221; width=&#8221;100%&#8221; max_width=&#8221;1920px&#8221; custom_padding=&#8221;0px||0px||true|false&#8221; global_colors_info=&#8221;{}&#8221;][et_pb_column type=&#8221;1_2&#8243; admin_label=&#8221;Columna&#8221; _builder_version=&#8221;4.20.2&#8243; _module_preset=&#8221;default&#8221; background_color=&#8221;RGBA(255,255,255,0)&#8221; custom_padding=&#8221;9%|8%|8%|8%|false|true&#8221; global_colors_info=&#8221;{}&#8221;][et_pb_text _builder_version=&#8221;4.20.2&#8243; _module_preset=&#8221;default&#8221; text_font_size=&#8221;1.2rem&#8221; custom_margin_tablet=&#8221;&#8221; custom_margin_phone=&#8221;-1rem||||false|false&#8221; custom_margin_last_edited=&#8221;on|phone&#8221; global_colors_info=&#8221;{}&#8221;]<\/p>\n<p>Kate Preston, londinenc, va con\u00e8ixer Espanya estiuejant a la Costa Brava durant la seva infantesa.<br \/>Es va criar en una casa on el dinar era una celebraci\u00f3 di\u00e0ria. Quan va con\u00e8ixer Jos\u00e9 el 1992 i es va mudar a Barcelona de seguida es va crear un lla\u00e7 entre tots dos a causa de la seva passi\u00f3 compartida per la gastronomia.<br \/>Des que van obrir el seu primer Taller de Tapes ja han passat m\u00e9s de 15 anys en qu\u00e8 sis restaurants han vist la llum, consolidant Taller de Tapes com un referent a la ciutat i com una visita obligada per als que arriben a Barcelona.<\/p>\n<p>[\/et_pb_text][\/et_pb_column][et_pb_column type=&#8221;1_2&#8243; _builder_version=&#8221;4.20.2&#8243; _module_preset=&#8221;default&#8221; background_enable_image=&#8221;off&#8221; background_position=&#8221;top_center&#8221; global_colors_info=&#8221;{}&#8221;][et_pb_image src=&#8221;https:\/\/tallerdetapas.com\/wp-content\/uploads\/Nosotros-Taller-de-Tapas-1.jpg&#8221; alt=&#8221;Mesa Grupal&#8221; title_text=&#8221;Nosotros &#8211; Taller de Tapas (1)&#8221; force_fullwidth=&#8221;on&#8221; _builder_version=&#8221;4.21.0&#8243; _module_preset=&#8221;default&#8221; min_height=&#8221;627px&#8221; height=&#8221;627px&#8221; max_height=&#8221;627px&#8221; hover_enabled=&#8221;0&#8243; global_colors_info=&#8221;{}&#8221; sticky_enabled=&#8221;0&#8243;][\/et_pb_image][\/et_pb_column][\/et_pb_row][et_pb_row column_structure=&#8221;1_2,1_2&#8243; use_custom_gutter=&#8221;on&#8221; gutter_width=&#8221;1&#8243; make_equal=&#8221;on&#8221; disabled_on=&#8221;off|off|on&#8221; _builder_version=&#8221;4.20.2&#8243; _module_preset=&#8221;default&#8221; width=&#8221;100%&#8221; max_width=&#8221;1920px&#8221; custom_padding=&#8221;0px||0px||true|false&#8221; global_colors_info=&#8221;{}&#8221;][et_pb_column type=&#8221;1_2&#8243; _builder_version=&#8221;4.20.2&#8243; _module_preset=&#8221;default&#8221; background_enable_image=&#8221;off&#8221; background_position=&#8221;top_center&#8221; global_colors_info=&#8221;{}&#8221;][et_pb_image src=&#8221;https:\/\/tallerdetapas.com\/wp-content\/uploads\/Nosotros-Taller-de-Tapas-1.jpg&#8221; alt=&#8221;Mesa Grupal&#8221; title_text=&#8221;Nosotros &#8211; Taller de Tapas (1)&#8221; force_fullwidth=&#8221;on&#8221; _builder_version=&#8221;4.21.0&#8243; _module_preset=&#8221;default&#8221; min_height=&#8221;627px&#8221; min_height_tablet=&#8221;627px&#8221; min_height_phone=&#8221;280px&#8221; min_height_last_edited=&#8221;on|phone&#8221; height=&#8221;627px&#8221; height_tablet=&#8221;627px&#8221; height_phone=&#8221;280px&#8221; height_last_edited=&#8221;on|phone&#8221; max_height=&#8221;627px&#8221; max_height_tablet=&#8221;627px&#8221; max_height_phone=&#8221;280px&#8221; max_height_last_edited=&#8221;on|phone&#8221; hover_enabled=&#8221;0&#8243; global_colors_info=&#8221;{}&#8221; sticky_enabled=&#8221;0&#8243;][\/et_pb_image][\/et_pb_column][et_pb_column type=&#8221;1_2&#8243; admin_label=&#8221;Columna&#8221; _builder_version=&#8221;4.20.2&#8243; _module_preset=&#8221;default&#8221; background_color=&#8221;RGBA(255,255,255,0)&#8221; custom_padding=&#8221;8%|8%|8%|8%|false|true&#8221; global_colors_info=&#8221;{}&#8221;][et_pb_text _builder_version=&#8221;4.20.2&#8243; _module_preset=&#8221;default&#8221; text_font_size=&#8221;1.2rem&#8221; text_font_size_tablet=&#8221;1.2rem&#8221; text_font_size_phone=&#8221;1rem&#8221; text_font_size_last_edited=&#8221;on|phone&#8221; global_colors_info=&#8221;{}&#8221;]<\/p>\n<p>Kate Preston, londinenc, va con\u00e8ixer Espanya estiuejant a la Costa Brava durant la seva infantesa.<br \/>Es va criar en una casa on el dinar era una celebraci\u00f3 di\u00e0ria. Quan va con\u00e8ixer Jos\u00e9 el 1992 i es va mudar a Barcelona de seguida es va crear un lla\u00e7 entre tots dos a causa de la seva passi\u00f3 compartida per la gastronomia.<br \/>Des que van obrir el seu primer Taller de Tapes ja han passat m\u00e9s de 15 anys en qu\u00e8 sis restaurants han vist la llum, consolidant Taller de Tapes com un referent a la ciutat i com una visita obligada per als que arriben a Barcelona.<\/p>\n<p>[\/et_pb_text][\/et_pb_column][\/et_pb_row][\/et_pb_section][et_pb_section fb_built=&#8221;1&#8243; _builder_version=&#8221;4.19.4&#8243; _module_preset=&#8221;default&#8221; background_color=&#8221;rgba(31,31,31,0.6)&#8221; background_image=&#8221;https:\/\/tallerdetapas.com\/wp-content\/uploads\/Fotografia-Nosotros-4.webp&#8221; background_blend=&#8221;darken&#8221; global_colors_info=&#8221;{}&#8221;][et_pb_row _builder_version=&#8221;4.19.4&#8243; _module_preset=&#8221;default&#8221; global_colors_info=&#8221;{}&#8221;][et_pb_column type=&#8221;4_4&#8243; _builder_version=&#8221;4.19.4&#8243; _module_preset=&#8221;default&#8221; global_colors_info=&#8221;{}&#8221;][et_pb_text _builder_version=&#8221;4.19.4&#8243; _module_preset=&#8221;default&#8221; text_text_color=&#8221;#EDEDED&#8221; text_font_size=&#8221;1.5rem&#8221; header_2_text_color=&#8221;#FFFFFF&#8221; header_2_font_size=&#8221;3.8rem&#8221; text_orientation=&#8221;center&#8221; text_font_size_tablet=&#8221;1.5rem&#8221; text_font_size_phone=&#8221;1.5rem&#8221; text_font_size_last_edited=&#8221;on|phone&#8221; header_2_font_size_tablet=&#8221;3.8rem&#8221; header_2_font_size_phone=&#8221;1.5rem&#8221; header_2_font_size_last_edited=&#8221;on|phone&#8221; custom_css_main_element=&#8221;font-size:1.6rem !important;&#8221; global_colors_info=&#8221;{}&#8221; custom_css_main_element_last_edited=&#8221;on|phone&#8221; custom_css_main_element_tablet=&#8221;font-size:1.6rem !important;&#8221; custom_css_main_element_phone=&#8221;font-size:1.6rem !important;&#8221;]<\/p>\n<h2>Grup Llombard<\/h2>\n<p>[\/et_pb_text][et_pb_text _builder_version=&#8221;4.19.4&#8243; _module_preset=&#8221;default&#8221; text_text_color=&#8221;#EDEDED&#8221; text_orientation=&#8221;center&#8221; global_colors_info=&#8221;{}&#8221;]<\/p>\n<p>Taller de Tapas pertany a Grupo Lombardo, propietaris d&#8217;exitosos conceptes de restauraci\u00f3 a Barcelona com Ajoblanco i Casa Delf\u00edn, que delecten di\u00e0riament tant locals com visitants a trav\u00e9s de cures espais i una oferta gastron\u00f2mica atractiva, mimada i adaptada als preus actuals .<\/p>\n<p>[\/et_pb_text][\/et_pb_column][\/et_pb_row][\/et_pb_section][et_pb_section fb_built=&#8221;1&#8243; disabled_on=&#8221;off|on|on&#8221; _builder_version=&#8221;4.20.4&#8243; _module_preset=&#8221;default&#8221; custom_padding=&#8221;0px||0px||true|false&#8221; global_colors_info=&#8221;{}&#8221;][et_pb_row disabled_on=&#8221;off|on|on&#8221; _builder_version=&#8221;4.20.4&#8243; _module_preset=&#8221;default&#8221; background_color=&#8221;#FFFFFF&#8221; width=&#8221;100%&#8221; max_width=&#8221;1920px&#8221; custom_padding=&#8221;3rem||3rem||true|false&#8221; sticky_position=&#8221;top_bottom&#8221; global_colors_info=&#8221;{}&#8221;][et_pb_column type=&#8221;4_4&#8243; _builder_version=&#8221;4.20.2&#8243; _module_preset=&#8221;default&#8221; global_colors_info=&#8221;{}&#8221;][et_pb_button button_url=&#8221;https:\/\/tallerdetapas.com\/ca\/els-nostres-restaurants\/&#8221; url_new_window=&#8221;on&#8221; button_text=&#8221;Reservar&#8221; button_alignment=&#8221;center&#8221; disabled_on=&#8221;off|on|on&#8221; _builder_version=&#8221;4.20.4&#8243; _module_preset=&#8221;default&#8221; custom_button=&#8221;on&#8221; button_text_color=&#8221;#FFFFFF&#8221; button_bg_color=&#8221;#A7823C&#8221; button_border_color=&#8221;#A7823C&#8221; custom_padding_tablet=&#8221;&#8221; custom_padding_phone=&#8221;|15%||15%|false|true&#8221; custom_padding_last_edited=&#8221;on|phone&#8221; sticky_position=&#8221;top_bottom&#8221; global_colors_info=&#8221;{}&#8221;][\/et_pb_button][\/et_pb_column][\/et_pb_row][\/et_pb_section]<\/p>\n","protected":false},"excerpt":{"rendered":"<p>15 ANYS OFERINT TAPES ARTESANES I PRODUCTES DE PRIMERA L\u00cdNIADetr\u00e1s de Taller de Tapas est\u00e1n Kate Preston y Jos\u00e9 Lombardero. Abrieron su primer restaurante de tapas en 2003. Un sue\u00f1o hecho realidad. Fue en el Barrio G\u00f3tico de Barcelona fruto de la pasi\u00f3n de ambos por la gastronom\u00eda y por la necesidad de trasmitir todos [&hellip;]<\/p>\n","protected":false},"author":11,"featured_media":0,"parent":0,"menu_order":0,"comment_status":"closed","ping_status":"closed","template":"","meta":{"_et_pb_use_builder":"on","_et_pb_old_content":"","_et_gb_content_width":"","inline_featured_image":false,"footnotes":""},"class_list":["post-50718","page","type-page","status-publish","hentry"],"_links":{"self":[{"href":"https:\/\/tallerdetapas.com\/ca\/wp-json\/wp\/v2\/pages\/50718","targetHints":{"allow":["GET"]}}],"collection":[{"href":"https:\/\/tallerdetapas.com\/ca\/wp-json\/wp\/v2\/pages"}],"about":[{"href":"https:\/\/tallerdetapas.com\/ca\/wp-json\/wp\/v2\/types\/page"}],"author":[{"embeddable":true,"href":"https:\/\/tallerdetapas.com\/ca\/wp-json\/wp\/v2\/users\/11"}],"replies":[{"embeddable":true,"href":"https:\/\/tallerdetapas.com\/ca\/wp-json\/wp\/v2\/comments?post=50718"}],"version-history":[{"count":11,"href":"https:\/\/tallerdetapas.com\/ca\/wp-json\/wp\/v2\/pages\/50718\/revisions"}],"predecessor-version":[{"id":52661,"href":"https:\/\/tallerdetapas.com\/ca\/wp-json\/wp\/v2\/pages\/50718\/revisions\/52661"}],"wp:attachment":[{"href":"https:\/\/tallerdetapas.com\/ca\/wp-json\/wp\/v2\/media?parent=50718"}],"curies":[{"name":"wp","href":"https:\/\/api.w.org\/{rel}","templated":true}]}}